{"id":1638,"date":"2024-01-15T00:38:40","date_gmt":"2024-01-15T03:38:40","guid":{"rendered":"https:\/\/ciclismoparanaense.com.py\/?page_id=1638"},"modified":"2026-02-14T18:43:51","modified_gmt":"2026-02-14T21:43:51","slug":"sobre-nosotros","status":"publish","type":"page","link":"https:\/\/ciclismoparanaense.com.py\/index.php\/sobre-nosotros\/","title":{"rendered":"SOBRE NOSOTROS"},"content":{"rendered":"\t\t<div data-elementor-type=\"wp-page\" data-elementor-id=\"1638\" class=\"elementor elementor-1638\">\n\t\t\t\t\t\t<section class=\"elementor-section elementor-top-section elementor-element elementor-element-1ec98b9 elementor-section-boxed elementor-section-height-default elementor-section-height-default\" data-id=\"1ec98b9\" data-element_type=\"section\" data-settings=\"{&quot;background_background&quot;:&quot;classic&quot;}\">\n\t\t\t\t\t\t\t<div class=\"elementor-background-overlay\"><\/div>\n\t\t\t\t\t\t\t<div class=\"elementor-container elementor-column-gap-no\">\n\t\t\t\t\t<div class=\"elementor-column elementor-col-100 elementor-top-column elementor-element elementor-element-d1dd1ad\" data-id=\"d1dd1ad\" data-element_type=\"column\">\n\t\t\t<div class=\"elementor-widget-wrap elementor-element-populated\">\n\t\t\t\t\t\t<div class=\"elementor-element elementor-element-49506b1 elementor-widget elementor-widget-spacer\" data-id=\"49506b1\" data-element_type=\"widget\" data-widget_type=\"spacer.default\">\n\t\t\t\t<div class=\"elementor-widget-container\">\n\t\t\t\t\t\t\t<div class=\"elementor-spacer\">\n\t\t\t<div class=\"elementor-spacer-inner\"><\/div>\n\t\t<\/div>\n\t\t\t\t\t\t<\/div>\n\t\t\t\t<\/div>\n\t\t\t\t\t<\/div>\n\t\t<\/div>\n\t\t\t\t\t<\/div>\n\t\t<\/section>\n\t\t\t\t<section class=\"elementor-section elementor-top-section elementor-element elementor-element-66eb9c7 elementor-section-boxed elementor-section-height-default elementor-section-height-default\" data-id=\"66eb9c7\" data-element_type=\"section\" data-settings=\"{&quot;background_background&quot;:&quot;classic&quot;}\">\n\t\t\t\t\t\t\t<div class=\"elementor-background-overlay\"><\/div>\n\t\t\t\t\t\t\t<div class=\"elementor-container elementor-column-gap-no\">\n\t\t\t\t\t<div class=\"elementor-column elementor-col-100 elementor-top-column elementor-element elementor-element-68e4d4e\" data-id=\"68e4d4e\" data-element_type=\"column\">\n\t\t\t<div class=\"elementor-widget-wrap elementor-element-populated\">\n\t\t\t\t\t\t<div class=\"elementor-element elementor-element-f042f92 elementor-widget elementor-widget-spacer\" data-id=\"f042f92\" data-element_type=\"widget\" data-widget_type=\"spacer.default\">\n\t\t\t\t<div class=\"elementor-widget-container\">\n\t\t\t\t\t\t\t<div class=\"elementor-spacer\">\n\t\t\t<div class=\"elementor-spacer-inner\"><\/div>\n\t\t<\/div>\n\t\t\t\t\t\t<\/div>\n\t\t\t\t<\/div>\n\t\t\t\t\t<\/div>\n\t\t<\/div>\n\t\t\t\t\t<\/div>\n\t\t<\/section>\n\t\t\t\t<section class=\"elementor-section elementor-top-section elementor-element elementor-element-1bf7dea elementor-section-boxed elementor-section-height-default elementor-section-height-default\" data-id=\"1bf7dea\" data-element_type=\"section\" data-settings=\"{&quot;background_background&quot;:&quot;classic&quot;}\">\n\t\t\t\t\t\t<div class=\"elementor-container elementor-column-gap-no\">\n\t\t\t\t\t<div class=\"elementor-column elementor-col-100 elementor-top-column elementor-element elementor-element-838b159\" data-id=\"838b159\" data-element_type=\"column\">\n\t\t\t<div class=\"elementor-widget-wrap elementor-element-populated\">\n\t\t\t\t\t\t<div class=\"elementor-element elementor-element-762f7a0 elementor-widget elementor-widget-spacer\" data-id=\"762f7a0\" data-element_type=\"widget\" data-widget_type=\"spacer.default\">\n\t\t\t\t<div class=\"elementor-widget-container\">\n\t\t\t\t\t\t\t<div class=\"elementor-spacer\">\n\t\t\t<div class=\"elementor-spacer-inner\"><\/div>\n\t\t<\/div>\n\t\t\t\t\t\t<\/div>\n\t\t\t\t<\/div>\n\t\t\t\t<div class=\"elementor-element elementor-element-3c5a810 elementor-widget elementor-widget-heading\" data-id=\"3c5a810\" data-element_type=\"widget\" data-widget_type=\"heading.default\">\n\t\t\t\t<div class=\"elementor-widget-container\">\n\t\t\t\t\t<h2 class=\"elementor-heading-title elementor-size-default\">COMIS\u00cdON DIRECTIVA - 2026 \u2013 2027<\/h2>\t\t\t\t<\/div>\n\t\t\t\t<\/div>\n\t\t\t\t<div class=\"elementor-element elementor-element-b1e8f76 elementor-widget elementor-widget-image\" data-id=\"b1e8f76\" data-element_type=\"widget\" data-widget_type=\"image.default\">\n\t\t\t\t<div class=\"elementor-widget-container\">\n\t\t\t\t\t\t\t\t\t\t\t\t\t\t\t<img fetchpriority=\"high\" decoding=\"async\" width=\"300\" height=\"300\" src=\"https:\/\/ciclismoparanaense.com.py\/wp-content\/uploads\/2026\/01\/23-FEDERACION-CICLISMO-300x300.png\" class=\"attachment-medium size-medium wp-image-3460\" alt=\"\" srcset=\"https:\/\/ciclismoparanaense.com.py\/wp-content\/uploads\/2026\/01\/23-FEDERACION-CICLISMO-300x300.png 300w, https:\/\/ciclismoparanaense.com.py\/wp-content\/uploads\/2026\/01\/23-FEDERACION-CICLISMO-1024x1024.png 1024w, https:\/\/ciclismoparanaense.com.py\/wp-content\/uploads\/2026\/01\/23-FEDERACION-CICLISMO-150x150.png 150w, https:\/\/ciclismoparanaense.com.py\/wp-content\/uploads\/2026\/01\/23-FEDERACION-CICLISMO-768x767.png 768w, https:\/\/ciclismoparanaense.com.py\/wp-content\/uploads\/2026\/01\/23-FEDERACION-CICLISMO.png 1428w\" sizes=\"(max-width: 300px) 100vw, 300px\" \/>\t\t\t\t\t\t\t\t\t\t\t\t\t\t\t<\/div>\n\t\t\t\t<\/div>\n\t\t\t\t<div class=\"elementor-element elementor-element-f6ca57b elementor-widget elementor-widget-spacer\" data-id=\"f6ca57b\" data-element_type=\"widget\" data-widget_type=\"spacer.default\">\n\t\t\t\t<div class=\"elementor-widget-container\">\n\t\t\t\t\t\t\t<div class=\"elementor-spacer\">\n\t\t\t<div class=\"elementor-spacer-inner\"><\/div>\n\t\t<\/div>\n\t\t\t\t\t\t<\/div>\n\t\t\t\t<\/div>\n\t\t\t\t<div class=\"elementor-element elementor-element-add4f10 elementor-widget elementor-widget-text-editor\" data-id=\"add4f10\" data-element_type=\"widget\" data-widget_type=\"text-editor.default\">\n\t\t\t\t<div class=\"elementor-widget-container\">\n\t\t\t\t\t\t\t\t\t<p style=\"text-align: center;\"><strong>Comisi\u00f3n Directiva<\/strong><\/p><ul><li style=\"text-align: left;\"><strong>Presidente: Roberto Carlos Santos Avalos<\/strong><\/li><li style=\"text-align: left;\"><strong>Vicepresidente: Abdo Ramon Flecha Araujo<\/strong><\/li><li style=\"text-align: left;\"><strong>Secretario: Carmelo Enrique Sotelo Guaricuyu<\/strong><\/li><li style=\"text-align: left;\"><strong>Pro-Secretario: Joel Gustavo Ortigoza Mendoza<\/strong><\/li><li style=\"text-align: left;\"><strong>Tesorero: Roberto Wilberger<\/strong><\/li><li style=\"text-align: left;\"><strong>Pro Tesorero: Myrian Graciela Benitez de Bogado<\/strong><\/li><li style=\"text-align: left;\"><strong>Miembro Titular: Oscar Bortoloso<\/strong><\/li><li style=\"text-align: left;\"><strong>Miembro Titular: Cesar Virgilio Ortiz Escauriza<\/strong><\/li><li style=\"text-align: left;\"><strong>Miembro Suplente: Sergio Franklin<\/strong><\/li><li style=\"text-align: left;\"><strong>Miembro Suplente: Leander Osterlein<\/strong><\/li><li style=\"text-align: left;\"><strong>S\u00edndico Titular: Adilson Schmidt Dos Santos<\/strong><\/li><li style=\"text-align: left;\"><strong>S\u00edndico Suplente: Alfredo Avalos Pereira<\/strong><\/li><\/ul>\t\t\t\t\t\t\t\t<\/div>\n\t\t\t\t<\/div>\n\t\t\t\t<div class=\"elementor-element elementor-element-649063c elementor-widget elementor-widget-spacer\" data-id=\"649063c\" data-element_type=\"widget\" data-widget_type=\"spacer.default\">\n\t\t\t\t<div class=\"elementor-widget-container\">\n\t\t\t\t\t\t\t<div class=\"elementor-spacer\">\n\t\t\t<div class=\"elementor-spacer-inner\"><\/div>\n\t\t<\/div>\n\t\t\t\t\t\t<\/div>\n\t\t\t\t<\/div>\n\t\t\t\t<div class=\"elementor-element elementor-element-b72ebcb elementor-widget elementor-widget-heading\" data-id=\"b72ebcb\" data-element_type=\"widget\" data-widget_type=\"heading.default\">\n\t\t\t\t<div class=\"elementor-widget-container\">\n\t\t\t\t\t<h2 class=\"elementor-heading-title elementor-size-default\">Clubes \/ Equipos<\/h2>\t\t\t\t<\/div>\n\t\t\t\t<\/div>\n\t\t\t\t<div class=\"elementor-element elementor-element-ca4cfae elementor-arrows-position-outside elementor-pagination-position-outside elementor-widget elementor-widget-image-carousel\" data-id=\"ca4cfae\" data-element_type=\"widget\" data-settings=\"{&quot;navigation&quot;:&quot;both&quot;,&quot;autoplay&quot;:&quot;yes&quot;,&quot;pause_on_hover&quot;:&quot;yes&quot;,&quot;pause_on_interaction&quot;:&quot;yes&quot;,&quot;autoplay_speed&quot;:5000,&quot;infinite&quot;:&quot;yes&quot;,&quot;speed&quot;:500}\" data-widget_type=\"image-carousel.default\">\n\t\t\t\t<div class=\"elementor-widget-container\">\n\t\t\t\t\t\t\t<div class=\"elementor-image-carousel-wrapper swiper\" role=\"region\" aria-roledescription=\"carousel\" aria-label=\"Carrusel de im\u00e1genes\" dir=\"ltr\">\n\t\t\t<div class=\"elementor-image-carousel swiper-wrapper\" aria-live=\"off\">\n\t\t\t\t\t\t\t\t<div class=\"swiper-slide\" role=\"group\" aria-roledescription=\"slide\" aria-label=\"1 de 10\"><figure class=\"swiper-slide-inner\"><img decoding=\"async\" class=\"swiper-slide-image lazyload\" data-src=\"https:\/\/ciclismoparanaense.com.py\/wp-content\/uploads\/2026\/01\/01-santa-rita-300x300.jpg\" alt=\"01-santa rita\" src=\"data:image\/gif;base64,R0lGODlhAQABAAAAACH5BAEKAAEALAAAAAABAAEAAAICTAEAOw==\" style=\"--smush-placeholder-width: 300px; --smush-placeholder-aspect-ratio: 300\/300;\" \/><\/figure><\/div><div class=\"swiper-slide\" role=\"group\" aria-roledescription=\"slide\" aria-label=\"2 de 10\"><figure class=\"swiper-slide-inner\"><img decoding=\"async\" class=\"swiper-slide-image lazyload\" data-src=\"https:\/\/ciclismoparanaense.com.py\/wp-content\/uploads\/2026\/01\/02-CDE-300x297.jpg\" alt=\"02-CDE\" src=\"data:image\/gif;base64,R0lGODlhAQABAAAAACH5BAEKAAEALAAAAAABAAEAAAICTAEAOw==\" style=\"--smush-placeholder-width: 300px; --smush-placeholder-aspect-ratio: 300\/297;\" \/><\/figure><\/div><div class=\"swiper-slide\" role=\"group\" aria-roledescription=\"slide\" aria-label=\"3 de 10\"><figure class=\"swiper-slide-inner\"><img decoding=\"async\" class=\"swiper-slide-image lazyload\" data-src=\"https:\/\/ciclismoparanaense.com.py\/wp-content\/uploads\/2026\/01\/03-kARUMBE-300x300.png\" alt=\"03-kARUMBE\" src=\"data:image\/gif;base64,R0lGODlhAQABAAAAACH5BAEKAAEALAAAAAABAAEAAAICTAEAOw==\" style=\"--smush-placeholder-width: 300px; --smush-placeholder-aspect-ratio: 300\/300;\" \/><\/figure><\/div><div class=\"swiper-slide\" role=\"group\" aria-roledescription=\"slide\" aria-label=\"4 de 10\"><figure class=\"swiper-slide-inner\"><img decoding=\"async\" class=\"swiper-slide-image lazyload\" data-src=\"https:\/\/ciclismoparanaense.com.py\/wp-content\/uploads\/2026\/01\/04-HCC-300x300.jpg\" alt=\"04-HCC\" src=\"data:image\/gif;base64,R0lGODlhAQABAAAAACH5BAEKAAEALAAAAAABAAEAAAICTAEAOw==\" style=\"--smush-placeholder-width: 300px; --smush-placeholder-aspect-ratio: 300\/300;\" \/><\/figure><\/div><div class=\"swiper-slide\" role=\"group\" aria-roledescription=\"slide\" aria-label=\"5 de 10\"><figure class=\"swiper-slide-inner\"><img decoding=\"async\" class=\"swiper-slide-image lazyload\" data-src=\"https:\/\/ciclismoparanaense.com.py\/wp-content\/uploads\/2026\/01\/05-K6-300x300.jpg\" alt=\"05-K6\" src=\"data:image\/gif;base64,R0lGODlhAQABAAAAACH5BAEKAAEALAAAAAABAAEAAAICTAEAOw==\" style=\"--smush-placeholder-width: 300px; --smush-placeholder-aspect-ratio: 300\/300;\" \/><\/figure><\/div><div class=\"swiper-slide\" role=\"group\" aria-roledescription=\"slide\" aria-label=\"6 de 10\"><figure class=\"swiper-slide-inner\"><img decoding=\"async\" class=\"swiper-slide-image lazyload\" data-src=\"https:\/\/ciclismoparanaense.com.py\/wp-content\/uploads\/2026\/01\/06-BUCHE-300x300.jpg\" alt=\"06-BUCHE\" src=\"data:image\/gif;base64,R0lGODlhAQABAAAAACH5BAEKAAEALAAAAAABAAEAAAICTAEAOw==\" style=\"--smush-placeholder-width: 300px; --smush-placeholder-aspect-ratio: 300\/300;\" \/><\/figure><\/div><div class=\"swiper-slide\" role=\"group\" aria-roledescription=\"slide\" aria-label=\"7 de 10\"><figure class=\"swiper-slide-inner\"><img decoding=\"async\" class=\"swiper-slide-image lazyload\" data-src=\"https:\/\/ciclismoparanaense.com.py\/wp-content\/uploads\/2026\/01\/07.TJC_-254x300.jpg\" alt=\"07.TJC\" src=\"data:image\/gif;base64,R0lGODlhAQABAAAAACH5BAEKAAEALAAAAAABAAEAAAICTAEAOw==\" style=\"--smush-placeholder-width: 254px; --smush-placeholder-aspect-ratio: 254\/300;\" \/><\/figure><\/div><div class=\"swiper-slide\" role=\"group\" aria-roledescription=\"slide\" aria-label=\"8 de 10\"><figure class=\"swiper-slide-inner\"><img decoding=\"async\" class=\"swiper-slide-image lazyload\" data-src=\"https:\/\/ciclismoparanaense.com.py\/wp-content\/uploads\/2026\/01\/08-TMBM-300x300.jpg\" alt=\"08-TMBM\" src=\"data:image\/gif;base64,R0lGODlhAQABAAAAACH5BAEKAAEALAAAAAABAAEAAAICTAEAOw==\" style=\"--smush-placeholder-width: 300px; --smush-placeholder-aspect-ratio: 300\/300;\" \/><\/figure><\/div><div class=\"swiper-slide\" role=\"group\" aria-roledescription=\"slide\" aria-label=\"9 de 10\"><figure class=\"swiper-slide-inner\"><img decoding=\"async\" class=\"swiper-slide-image lazyload\" data-src=\"https:\/\/ciclismoparanaense.com.py\/wp-content\/uploads\/2026\/01\/16-CCSJ-300x300.jpg\" alt=\"16-CCSJ\" src=\"data:image\/gif;base64,R0lGODlhAQABAAAAACH5BAEKAAEALAAAAAABAAEAAAICTAEAOw==\" style=\"--smush-placeholder-width: 300px; --smush-placeholder-aspect-ratio: 300\/300;\" \/><\/figure><\/div><div class=\"swiper-slide\" role=\"group\" aria-roledescription=\"slide\" aria-label=\"10 de 10\"><figure class=\"swiper-slide-inner\"><img decoding=\"async\" class=\"swiper-slide-image lazyload\" data-src=\"https:\/\/ciclismoparanaense.com.py\/wp-content\/uploads\/2026\/01\/02-logo-framncop-300x248.jpg\" alt=\"02-logo framncop\" src=\"data:image\/gif;base64,R0lGODlhAQABAAAAACH5BAEKAAEALAAAAAABAAEAAAICTAEAOw==\" style=\"--smush-placeholder-width: 300px; --smush-placeholder-aspect-ratio: 300\/248;\" \/><\/figure><\/div>\t\t\t<\/div>\n\t\t\t\t\t\t\t\t\t\t\t\t<div class=\"elementor-swiper-button elementor-swiper-button-prev\" role=\"button\" tabindex=\"0\">\n\t\t\t\t\t\t<i aria-hidden=\"true\" class=\"eicon-chevron-left\"><\/i>\t\t\t\t\t<\/div>\n\t\t\t\t\t<div class=\"elementor-swiper-button elementor-swiper-button-next\" role=\"button\" tabindex=\"0\">\n\t\t\t\t\t\t<i aria-hidden=\"true\" class=\"eicon-chevron-right\"><\/i>\t\t\t\t\t<\/div>\n\t\t\t\t\n\t\t\t\t\t\t\t\t\t<div class=\"swiper-pagination\"><\/div>\n\t\t\t\t\t\t\t\t\t<\/div>\n\t\t\t\t\t\t<\/div>\n\t\t\t\t<\/div>\n\t\t\t\t\t<\/div>\n\t\t<\/div>\n\t\t\t\t\t<\/div>\n\t\t<\/section>\n\t\t\t\t<\/div>\n\t\t","protected":false},"excerpt":{"rendered":"<p>COMIS\u00cdON DIRECTIVA &#8211; 2026 \u2013 2027 Comisi\u00f3n Directiva Presidente: Roberto Carlos Santos Avalos Vicepresidente: Abdo Ramon Flecha Araujo Secretario: Carmelo Enrique Sotelo Guaricuyu Pro-Secretario: Joel Gustavo Ortigoza Mendoza Tesorero: Roberto Wilberger Pro Tesorero: Myrian Graciela Benitez de Bogado Miembro Titular: Oscar Bortoloso Miembro Titular: Cesar Virgilio Ortiz Escauriza Miembro Suplente: Sergio Franklin Miembro Suplente: Leander [&hellip;]<\/p>\n","protected":false},"author":5,"featured_media":0,"parent":0,"menu_order":0,"comment_status":"closed","ping_status":"closed","template":"","meta":{"footnotes":""},"class_list":["post-1638","page","type-page","status-publish","hentry"],"yoast_head":"<!-- This site is optimized with the Yoast SEO plugin v24.6 - https:\/\/yoast.com\/wordpress\/plugins\/seo\/ -->\n<title>SOBRE NOSOTROS - Ciclismo Paranaense<\/title>\n<meta name=\"description\" content=\"Esta ficha tiene validez desde su presentaci\u00f3n hasta el 31 de diciembre. Una vez firmado este documento, el corredor ya no podr\u00e1 solicitar el cambio de equipo ni cambiar de categor\u00eda en que uno empez\u00f3 en el campeonato.\" \/>\n<meta name=\"robots\" content=\"index, follow, max-snippet:-1, max-image-preview:large, max-video-preview:-1\" \/>\n<link rel=\"canonical\" href=\"https:\/\/ciclismoparanaense.com.py\/index.php\/sobre-nosotros\/\" \/>\n<meta property=\"og:locale\" content=\"es_ES\" \/>\n<meta property=\"og:type\" content=\"article\" \/>\n<meta property=\"og:title\" content=\"SOBRE NOSOTROS - Ciclismo Paranaense\" \/>\n<meta property=\"og:description\" content=\"Esta ficha tiene validez desde su presentaci\u00f3n hasta el 31 de diciembre. Una vez firmado este documento, el corredor ya no podr\u00e1 solicitar el cambio de equipo ni cambiar de categor\u00eda en que uno empez\u00f3 en el campeonato.\" \/>\n<meta property=\"og:url\" content=\"https:\/\/ciclismoparanaense.com.py\/index.php\/sobre-nosotros\/\" \/>\n<meta property=\"og:site_name\" content=\"Ciclismo Paranaense\" \/>\n<meta property=\"article:publisher\" content=\"https:\/\/www.facebook.com\/ciclismoparanaense\" \/>\n<meta property=\"article:modified_time\" content=\"2026-02-14T21:43:51+00:00\" \/>\n<meta property=\"og:image\" content=\"https:\/\/ciclismoparanaense.com.py\/wp-content\/uploads\/2026\/01\/23-FEDERACION-CICLISMO.png\" \/>\n\t<meta property=\"og:image:width\" content=\"1428\" \/>\n\t<meta property=\"og:image:height\" content=\"1427\" \/>\n\t<meta property=\"og:image:type\" content=\"image\/png\" \/>\n<meta name=\"twitter:card\" content=\"summary_large_image\" \/>\n<meta name=\"twitter:label1\" content=\"Tiempo de lectura\" \/>\n\t<meta name=\"twitter:data1\" content=\"4 minutos\" \/>\n<script type=\"application\/ld+json\" class=\"yoast-schema-graph\">{\"@context\":\"https:\/\/schema.org\",\"@graph\":[{\"@type\":\"WebPage\",\"@id\":\"https:\/\/ciclismoparanaense.com.py\/index.php\/sobre-nosotros\/\",\"url\":\"https:\/\/ciclismoparanaense.com.py\/index.php\/sobre-nosotros\/\",\"name\":\"SOBRE NOSOTROS - Ciclismo Paranaense\",\"isPartOf\":{\"@id\":\"https:\/\/ciclismoparanaense.com.py\/#website\"},\"primaryImageOfPage\":{\"@id\":\"https:\/\/ciclismoparanaense.com.py\/index.php\/sobre-nosotros\/#primaryimage\"},\"image\":{\"@id\":\"https:\/\/ciclismoparanaense.com.py\/index.php\/sobre-nosotros\/#primaryimage\"},\"thumbnailUrl\":\"https:\/\/ciclismoparanaense.com.py\/wp-content\/uploads\/2026\/01\/23-FEDERACION-CICLISMO-300x300.png\",\"datePublished\":\"2024-01-15T03:38:40+00:00\",\"dateModified\":\"2026-02-14T21:43:51+00:00\",\"description\":\"Esta ficha tiene validez desde su presentaci\u00f3n hasta el 31 de diciembre. Una vez firmado este documento, el corredor ya no podr\u00e1 solicitar el cambio de equipo ni cambiar de categor\u00eda en que uno empez\u00f3 en el campeonato.\",\"breadcrumb\":{\"@id\":\"https:\/\/ciclismoparanaense.com.py\/index.php\/sobre-nosotros\/#breadcrumb\"},\"inLanguage\":\"es\",\"potentialAction\":[{\"@type\":\"ReadAction\",\"target\":[\"https:\/\/ciclismoparanaense.com.py\/index.php\/sobre-nosotros\/\"]}]},{\"@type\":\"ImageObject\",\"inLanguage\":\"es\",\"@id\":\"https:\/\/ciclismoparanaense.com.py\/index.php\/sobre-nosotros\/#primaryimage\",\"url\":\"https:\/\/ciclismoparanaense.com.py\/wp-content\/uploads\/2026\/01\/23-FEDERACION-CICLISMO.png\",\"contentUrl\":\"https:\/\/ciclismoparanaense.com.py\/wp-content\/uploads\/2026\/01\/23-FEDERACION-CICLISMO.png\",\"width\":1428,\"height\":1427},{\"@type\":\"BreadcrumbList\",\"@id\":\"https:\/\/ciclismoparanaense.com.py\/index.php\/sobre-nosotros\/#breadcrumb\",\"itemListElement\":[{\"@type\":\"ListItem\",\"position\":1,\"name\":\"Portada\",\"item\":\"https:\/\/ciclismoparanaense.com.py\/\"},{\"@type\":\"ListItem\",\"position\":2,\"name\":\"SOBRE NOSOTROS\"}]},{\"@type\":\"WebSite\",\"@id\":\"https:\/\/ciclismoparanaense.com.py\/#website\",\"url\":\"https:\/\/ciclismoparanaense.com.py\/\",\"name\":\"Ciclismo Paranaense\",\"description\":\"Ciclismo Paranaense\",\"publisher\":{\"@id\":\"https:\/\/ciclismoparanaense.com.py\/#organization\"},\"potentialAction\":[{\"@type\":\"SearchAction\",\"target\":{\"@type\":\"EntryPoint\",\"urlTemplate\":\"https:\/\/ciclismoparanaense.com.py\/?s={search_term_string}\"},\"query-input\":{\"@type\":\"PropertyValueSpecification\",\"valueRequired\":true,\"valueName\":\"search_term_string\"}}],\"inLanguage\":\"es\"},{\"@type\":\"Organization\",\"@id\":\"https:\/\/ciclismoparanaense.com.py\/#organization\",\"name\":\"Ciclismo Paranaense\",\"url\":\"https:\/\/ciclismoparanaense.com.py\/\",\"logo\":{\"@type\":\"ImageObject\",\"inLanguage\":\"es\",\"@id\":\"https:\/\/ciclismoparanaense.com.py\/#\/schema\/logo\/image\/\",\"url\":\"https:\/\/ciclismoparanaense.com.py\/wp-content\/uploads\/2023\/03\/WhatsApp-Image-2023-03-16-at-20.31.38.png\",\"contentUrl\":\"https:\/\/ciclismoparanaense.com.py\/wp-content\/uploads\/2023\/03\/WhatsApp-Image-2023-03-16-at-20.31.38.png\",\"width\":1428,\"height\":1427,\"caption\":\"Ciclismo Paranaense\"},\"image\":{\"@id\":\"https:\/\/ciclismoparanaense.com.py\/#\/schema\/logo\/image\/\"},\"sameAs\":[\"https:\/\/www.facebook.com\/ciclismoparanaense\"]}]}<\/script>\n<!-- \/ Yoast SEO plugin. -->","yoast_head_json":{"title":"SOBRE NOSOTROS - Ciclismo Paranaense","description":"Esta ficha tiene validez desde su presentaci\u00f3n hasta el 31 de diciembre. Una vez firmado este documento, el corredor ya no podr\u00e1 solicitar el cambio de equipo ni cambiar de categor\u00eda en que uno empez\u00f3 en el campeonato.","robots":{"index":"index","follow":"follow","max-snippet":"max-snippet:-1","max-image-preview":"max-image-preview:large","max-video-preview":"max-video-preview:-1"},"canonical":"https:\/\/ciclismoparanaense.com.py\/index.php\/sobre-nosotros\/","og_locale":"es_ES","og_type":"article","og_title":"SOBRE NOSOTROS - Ciclismo Paranaense","og_description":"Esta ficha tiene validez desde su presentaci\u00f3n hasta el 31 de diciembre. Una vez firmado este documento, el corredor ya no podr\u00e1 solicitar el cambio de equipo ni cambiar de categor\u00eda en que uno empez\u00f3 en el campeonato.","og_url":"https:\/\/ciclismoparanaense.com.py\/index.php\/sobre-nosotros\/","og_site_name":"Ciclismo Paranaense","article_publisher":"https:\/\/www.facebook.com\/ciclismoparanaense","article_modified_time":"2026-02-14T21:43:51+00:00","og_image":[{"width":1428,"height":1427,"url":"https:\/\/ciclismoparanaense.com.py\/wp-content\/uploads\/2026\/01\/23-FEDERACION-CICLISMO.png","type":"image\/png"}],"twitter_card":"summary_large_image","twitter_misc":{"Tiempo de lectura":"4 minutos"},"schema":{"@context":"https:\/\/schema.org","@graph":[{"@type":"WebPage","@id":"https:\/\/ciclismoparanaense.com.py\/index.php\/sobre-nosotros\/","url":"https:\/\/ciclismoparanaense.com.py\/index.php\/sobre-nosotros\/","name":"SOBRE NOSOTROS - Ciclismo Paranaense","isPartOf":{"@id":"https:\/\/ciclismoparanaense.com.py\/#website"},"primaryImageOfPage":{"@id":"https:\/\/ciclismoparanaense.com.py\/index.php\/sobre-nosotros\/#primaryimage"},"image":{"@id":"https:\/\/ciclismoparanaense.com.py\/index.php\/sobre-nosotros\/#primaryimage"},"thumbnailUrl":"https:\/\/ciclismoparanaense.com.py\/wp-content\/uploads\/2026\/01\/23-FEDERACION-CICLISMO-300x300.png","datePublished":"2024-01-15T03:38:40+00:00","dateModified":"2026-02-14T21:43:51+00:00","description":"Esta ficha tiene validez desde su presentaci\u00f3n hasta el 31 de diciembre. Una vez firmado este documento, el corredor ya no podr\u00e1 solicitar el cambio de equipo ni cambiar de categor\u00eda en que uno empez\u00f3 en el campeonato.","breadcrumb":{"@id":"https:\/\/ciclismoparanaense.com.py\/index.php\/sobre-nosotros\/#breadcrumb"},"inLanguage":"es","potentialAction":[{"@type":"ReadAction","target":["https:\/\/ciclismoparanaense.com.py\/index.php\/sobre-nosotros\/"]}]},{"@type":"ImageObject","inLanguage":"es","@id":"https:\/\/ciclismoparanaense.com.py\/index.php\/sobre-nosotros\/#primaryimage","url":"https:\/\/ciclismoparanaense.com.py\/wp-content\/uploads\/2026\/01\/23-FEDERACION-CICLISMO.png","contentUrl":"https:\/\/ciclismoparanaense.com.py\/wp-content\/uploads\/2026\/01\/23-FEDERACION-CICLISMO.png","width":1428,"height":1427},{"@type":"BreadcrumbList","@id":"https:\/\/ciclismoparanaense.com.py\/index.php\/sobre-nosotros\/#breadcrumb","itemListElement":[{"@type":"ListItem","position":1,"name":"Portada","item":"https:\/\/ciclismoparanaense.com.py\/"},{"@type":"ListItem","position":2,"name":"SOBRE NOSOTROS"}]},{"@type":"WebSite","@id":"https:\/\/ciclismoparanaense.com.py\/#website","url":"https:\/\/ciclismoparanaense.com.py\/","name":"Ciclismo Paranaense","description":"Ciclismo Paranaense","publisher":{"@id":"https:\/\/ciclismoparanaense.com.py\/#organization"},"potentialAction":[{"@type":"SearchAction","target":{"@type":"EntryPoint","urlTemplate":"https:\/\/ciclismoparanaense.com.py\/?s={search_term_string}"},"query-input":{"@type":"PropertyValueSpecification","valueRequired":true,"valueName":"search_term_string"}}],"inLanguage":"es"},{"@type":"Organization","@id":"https:\/\/ciclismoparanaense.com.py\/#organization","name":"Ciclismo Paranaense","url":"https:\/\/ciclismoparanaense.com.py\/","logo":{"@type":"ImageObject","inLanguage":"es","@id":"https:\/\/ciclismoparanaense.com.py\/#\/schema\/logo\/image\/","url":"https:\/\/ciclismoparanaense.com.py\/wp-content\/uploads\/2023\/03\/WhatsApp-Image-2023-03-16-at-20.31.38.png","contentUrl":"https:\/\/ciclismoparanaense.com.py\/wp-content\/uploads\/2023\/03\/WhatsApp-Image-2023-03-16-at-20.31.38.png","width":1428,"height":1427,"caption":"Ciclismo Paranaense"},"image":{"@id":"https:\/\/ciclismoparanaense.com.py\/#\/schema\/logo\/image\/"},"sameAs":["https:\/\/www.facebook.com\/ciclismoparanaense"]}]}},"_links":{"self":[{"href":"https:\/\/ciclismoparanaense.com.py\/index.php\/wp-json\/wp\/v2\/pages\/1638","targetHints":{"allow":["GET"]}}],"collection":[{"href":"https:\/\/ciclismoparanaense.com.py\/index.php\/wp-json\/wp\/v2\/pages"}],"about":[{"href":"https:\/\/ciclismoparanaense.com.py\/index.php\/wp-json\/wp\/v2\/types\/page"}],"author":[{"embeddable":true,"href":"https:\/\/ciclismoparanaense.com.py\/index.php\/wp-json\/wp\/v2\/users\/5"}],"replies":[{"embeddable":true,"href":"https:\/\/ciclismoparanaense.com.py\/index.php\/wp-json\/wp\/v2\/comments?post=1638"}],"version-history":[{"count":0,"href":"https:\/\/ciclismoparanaense.com.py\/index.php\/wp-json\/wp\/v2\/pages\/1638\/revisions"}],"wp:attachment":[{"href":"https:\/\/ciclismoparanaense.com.py\/index.php\/wp-json\/wp\/v2\/media?parent=1638"}],"curies":[{"name":"wp","href":"https:\/\/api.w.org\/{rel}","templated":true}]}}